{"id":97,"date":"2026-04-09T14:39:00","date_gmt":"2026-04-09T12:39:00","guid":{"rendered":"https:\/\/clarapracht.escmstrasbourg.com\/index.php\/blog\/"},"modified":"2026-04-10T13:35:17","modified_gmt":"2026-04-10T11:35:17","slug":"blog","status":"publish","type":"page","link":"https:\/\/clarapracht.escmstrasbourg.com\/index.php\/blog\/","title":{"rendered":"Blog"},"content":{"rendered":"<div data-colibri-id=\"97-c1\" class=\"style-422 style-local-97-c1 position-relative\">\n  <!---->\n  <div data-colibri-component=\"section\" data-colibri-id=\"97-c2\" id=\"custom\" class=\"h-section h-section-global-spacing d-flex align-items-lg-center align-items-md-center align-items-center style-620 style-local-97-c2 position-relative\">\n    <!---->\n    <!---->\n    <div class=\"h-section-grid-container h-section-boxed-container\">\n      <!---->\n      <div data-colibri-id=\"97-c3\" class=\"h-row-container gutters-row-lg-2 gutters-row-md-2 gutters-row-0 gutters-row-v-lg-2 gutters-row-v-md-2 gutters-row-v-2 style-628 style-local-97-c3 position-relative\">\n        <!---->\n        <div class=\"h-row justify-content-lg-center justify-content-md-center justify-content-center align-items-lg-stretch align-items-md-stretch align-items-stretch gutters-col-lg-2 gutters-col-md-2 gutters-col-0 gutters-col-v-lg-2 gutters-col-v-md-2 gutters-col-v-2\">\n          <!---->\n          <div class=\"h-column h-column-container d-flex h-col-lg-auto h-col-md-auto h-col-auto style-629-outer style-local-97-c4-outer\">\n            <div data-colibri-id=\"97-c4\" class=\"d-flex h-flex-basis h-column__inner h-px-lg-2 h-px-md-2 h-px-2 v-inner-lg-2 v-inner-md-2 v-inner-2 style-629 style-local-97-c4 position-relative\">\n              <!---->\n              <!---->\n              <div class=\"w-100 h-y-container h-column__content h-column__v-align flex-basis-100 align-self-lg-start align-self-md-start align-self-start\">\n                <!---->\n                <div data-colibri-id=\"97-c5\" class=\"h-text h-text-component style-454 style-local-97-c5 position-relative h-element\">\n                  <!---->\n                  <!---->\n                  <div class=\"\">\n                    <h3>Le blog <strong>TerriBox<\/strong> est un espace d\u2019inspiration d\u00e9di\u00e9 aux amoureux des produits locaux et du savoir-faire artisanal. Nous y partageons des conseils, des id\u00e9es gourmandes et des d\u00e9couvertes pour vous aider \u00e0 consommer\n                      mieux, tout en vous faisant plaisir.<\/h3>\n                  <\/div>\n                <\/div>\n              <\/div>\n            <\/div>\n          <\/div>\n        <\/div>\n      <\/div>\n      <div data-colibri-id=\"97-c6\" class=\"h-row-container gutters-row-lg-2 gutters-row-md-2 gutters-row-0 gutters-row-v-lg-2 gutters-row-v-md-2 gutters-row-v-2 style-621 style-local-97-c6 position-relative\">\n        <!---->\n        <div class=\"h-row justify-content-lg-center justify-content-md-center justify-content-center align-items-lg-stretch align-items-md-stretch align-items-stretch gutters-col-lg-2 gutters-col-md-2 gutters-col-0 gutters-col-v-lg-2 gutters-col-v-md-2 gutters-col-v-2\">\n          <!---->\n          <div class=\"h-column h-column-container d-flex h-col-lg-4 h-col-md-4 h-col-12 style-622-outer style-local-97-c7-outer\">\n            <div data-colibri-id=\"97-c7\" class=\"d-flex h-flex-basis h-column__inner h-px-lg-2 h-px-md-2 h-px-2 v-inner-lg-2 v-inner-md-2 v-inner-2 style-622 style-local-97-c7 position-relative\">\n              <!---->\n              <!---->\n              <div class=\"w-100 h-y-container h-column__content h-column__v-align flex-basis-100 align-self-lg-start align-self-md-start align-self-start\">\n                <!---->\n                <div data-colibri-id=\"97-c8\" class=\"d-block style-637 style-local-97-c8 position-relative h-element\">\n                  <!---->\n                  <div class=\"h-image__frame-container-outer\">\n                    <div class=\"h-image__frame-container\">\n                      <!---->\n                      <!---->\n                      <img loading=\"lazy\" decoding=\"async\" width=\"2048\" height=\"1536\" src=\"https:\/\/clarapracht.escmstrasbourg.com\/wp-content\/uploads\/2026\/04\/propiedades-de-la-miel.webp\" class=\"wp-image-668 style-637-image style-local-97-c8-image\" alt=\"\" srcset=\"https:\/\/clarapracht.escmstrasbourg.com\/wp-content\/uploads\/2026\/04\/propiedades-de-la-miel.webp 2048w, https:\/\/clarapracht.escmstrasbourg.com\/wp-content\/uploads\/2026\/04\/propiedades-de-la-miel-300x225.webp 300w, https:\/\/clarapracht.escmstrasbourg.com\/wp-content\/uploads\/2026\/04\/propiedades-de-la-miel-1024x768.webp 1024w, https:\/\/clarapracht.escmstrasbourg.com\/wp-content\/uploads\/2026\/04\/propiedades-de-la-miel-768x576.webp 768w, https:\/\/clarapracht.escmstrasbourg.com\/wp-content\/uploads\/2026\/04\/propiedades-de-la-miel-1536x1152.webp 1536w, https:\/\/clarapracht.escmstrasbourg.com\/wp-content\/uploads\/2026\/04\/propiedades-de-la-miel-600x450.webp 600w\" sizes=\"auto, (max-width: 2048px) 100vw, 2048px\" \/>\n                      <div class=\"h-image__frame h-hide-lg h-hide-md h-hide-sm style-637-frameImage style-local-97-c8-frameImage\"><\/div>\n                    <\/div>\n                  <\/div>\n                <\/div>\n                <div data-colibri-id=\"97-c9\" class=\"h-global-transition-all h-heading style-631 style-local-97-c9 position-relative h-element\">\n                  <!---->\n                  <div class=\"h-heading__outer style-631 style-local-97-c9\">\n                    <!---->\n                    <!---->\n                    <h4 class=\"\">3 recettes gourmandes avec le miel d&rsquo;Auvergne de votre box<\/h4>\n                  <\/div>\n                <\/div>\n                <div data-colibri-id=\"97-c10\" class=\"h-text h-text-component style-625 style-local-97-c10 position-relative h-element\">\n                  <!---->\n                  <!---->\n                  <div class=\"\">\n                    <p>Vous avez re\u00e7u le miel de ch\u00e2taignier de Pierre dans votre box d&rsquo;octobre ? Voici 3 fa\u00e7ons d\u00e9licieuses de l&rsquo;utiliser, du petit-d\u00e9jeuner au dessert.<\/p>\n                  <\/div>\n                <\/div>\n                <div data-colibri-id=\"97-c11\" class=\"h-x-container style-639 style-local-97-c11 position-relative h-element\">\n                  <!---->\n                  <div class=\"h-x-container-inner style-dynamic-97-c11-group style-639-spacing style-local-97-c11-spacing\"><span class=\"h-button__outer style-640-outer style-local-97-c12-outer d-inline-flex h-element\"><a h-use-smooth-scroll=\"true\" href=\"https:\/\/clarapracht.escmstrasbourg.com\/index.php\/3-recettes-gourmandes-avec-le-miel-dauvergne-de-votre-box\/\"  data-colibri-id=\"97-c12\" class=\"d-flex w-100 align-items-center h-button justify-content-lg-center justify-content-md-center justify-content-center style-640 style-local-97-c12 position-relative\"><!----><!----> <span>Lire<\/span><\/a>\n                    <\/span>\n                  <\/div>\n                <\/div>\n              <\/div>\n            <\/div>\n          <\/div>\n          <div class=\"h-column h-column-container d-flex h-col-lg-4 h-col-md-4 h-col-12 style-623-outer style-local-97-c13-outer\">\n            <div data-colibri-id=\"97-c13\" class=\"d-flex h-flex-basis h-column__inner h-px-lg-2 h-px-md-2 h-px-2 v-inner-lg-2 v-inner-md-2 v-inner-2 style-623 style-local-97-c13 position-relative\">\n              <!---->\n              <!---->\n              <div class=\"w-100 h-y-container h-column__content h-column__v-align flex-basis-100 align-self-lg-start align-self-md-start align-self-start\">\n                <!---->\n                <div data-colibri-id=\"97-c14\" class=\"d-block style-638 style-local-97-c14 position-relative h-element\">\n                  <!---->\n                  <div class=\"h-image__frame-container-outer\">\n                    <div class=\"h-image__frame-container\">\n                      <!---->\n                      <!---->\n                      <img loading=\"lazy\" decoding=\"async\" width=\"1050\" height=\"700\" src=\"https:\/\/clarapracht.escmstrasbourg.com\/wp-content\/uploads\/2026\/04\/2000004642766.webp\" class=\"wp-image-669 style-638-image style-local-97-c14-image\" alt=\"\" srcset=\"https:\/\/clarapracht.escmstrasbourg.com\/wp-content\/uploads\/2026\/04\/2000004642766.webp 1050w, https:\/\/clarapracht.escmstrasbourg.com\/wp-content\/uploads\/2026\/04\/2000004642766-300x200.webp 300w, https:\/\/clarapracht.escmstrasbourg.com\/wp-content\/uploads\/2026\/04\/2000004642766-1024x683.webp 1024w, https:\/\/clarapracht.escmstrasbourg.com\/wp-content\/uploads\/2026\/04\/2000004642766-768x512.webp 768w, https:\/\/clarapracht.escmstrasbourg.com\/wp-content\/uploads\/2026\/04\/2000004642766-600x400.webp 600w\" sizes=\"auto, (max-width: 1050px) 100vw, 1050px\" \/>\n                      <div class=\"h-image__frame h-hide-lg h-hide-md h-hide-sm style-638-frameImage style-local-97-c14-frameImage\"><\/div>\n                    <\/div>\n                  <\/div>\n                <\/div>\n                <div data-colibri-id=\"97-c15\" class=\"h-global-transition-all h-heading style-634 style-local-97-c15 position-relative h-element\">\n                  <!---->\n                  <div class=\"h-heading__outer style-634 style-local-97-c15\">\n                    <!---->\n                    <!---->\n                    <h4 class=\"\">Portrait : Pierre D.; apiculteur en Auvergne depuis 20 ans<\/h4>\n                  <\/div>\n                <\/div>\n                <div data-colibri-id=\"97-c16\" class=\"h-text h-text-component style-626 style-local-97-c16 position-relative h-element\">\n                  <!---->\n                  <!---->\n                  <div class=\"\">\n                    <p>Rencontre avec Pierre D., apiculteur passionn\u00e9 install\u00e9 au c\u0153ur du Massif Central, l&rsquo;un des premiers producteurs \u00e0 avoir rejoint l&rsquo;aventure TerriBox.<\/p>\n                  <\/div>\n                <\/div>\n                <div data-colibri-id=\"97-c17\" class=\"h-x-container style-641 style-local-97-c17 position-relative h-element\">\n                  <!---->\n                  <div class=\"h-x-container-inner style-dynamic-97-c17-group style-641-spacing style-local-97-c17-spacing\"><span class=\"h-button__outer style-642-outer style-local-97-c18-outer d-inline-flex h-element\"><a h-use-smooth-scroll=\"true\" href=\"https:\/\/clarapracht.escmstrasbourg.com\/index.php\/portrait-pierre-d-apiculteur-en-auvergne-depuis-20-ans\/\"  data-colibri-id=\"97-c18\" class=\"d-flex w-100 align-items-center h-button justify-content-lg-center justify-content-md-center justify-content-center style-642 style-local-97-c18 position-relative\"><!----><!----> <span>LIRE<\/span><\/a>\n                    <\/span>\n                  <\/div>\n                <\/div>\n              <\/div>\n            <\/div>\n          <\/div>\n          <div class=\"h-column h-column-container d-flex h-col-lg-4 h-col-md-4 h-col-12 style-624-outer style-local-97-c19-outer\">\n            <div data-colibri-id=\"97-c19\" class=\"d-flex h-flex-basis h-column__inner h-px-lg-2 h-px-md-2 h-px-2 v-inner-lg-2 v-inner-md-2 v-inner-2 style-624 style-local-97-c19 position-relative\">\n              <!---->\n              <!---->\n              <div class=\"w-100 h-y-container h-column__content h-column__v-align flex-basis-100 align-self-lg-start align-self-md-start align-self-start\">\n                <!---->\n                <div data-colibri-id=\"97-c20\" class=\"d-block style-636 style-local-97-c20 position-relative h-element\">\n                  <!---->\n                  <div class=\"h-image__frame-container-outer\">\n                    <div class=\"h-image__frame-container\">\n                      <!---->\n                      <!---->\n                      <img loading=\"lazy\" decoding=\"async\" width=\"1022\" height=\"747\" src=\"https:\/\/clarapracht.escmstrasbourg.com\/wp-content\/uploads\/2026\/04\/cropped-Automne_1024x.webp\" class=\"wp-image-727 style-636-image style-local-97-c20-image\" alt=\"\" srcset=\"https:\/\/clarapracht.escmstrasbourg.com\/wp-content\/uploads\/2026\/04\/cropped-Automne_1024x.webp 1022w, https:\/\/clarapracht.escmstrasbourg.com\/wp-content\/uploads\/2026\/04\/cropped-Automne_1024x-300x219.webp 300w, https:\/\/clarapracht.escmstrasbourg.com\/wp-content\/uploads\/2026\/04\/cropped-Automne_1024x-768x561.webp 768w, https:\/\/clarapracht.escmstrasbourg.com\/wp-content\/uploads\/2026\/04\/cropped-Automne_1024x-600x439.webp 600w\" sizes=\"auto, (max-width: 1022px) 100vw, 1022px\" \/>\n                      <div class=\"h-image__frame h-hide-lg h-hide-md h-hide-sm style-636-frameImage style-local-97-c20-frameImage\"><\/div>\n                    <\/div>\n                  <\/div>\n                <\/div>\n                <div data-colibri-id=\"97-c21\" class=\"h-global-transition-all h-heading style-635 style-local-97-c21 position-relative h-element\">\n                  <!---->\n                  <div class=\"h-heading__outer style-635 style-local-97-c21\">\n                    <!---->\n                    <!---->\n                    <h4 class=\"\">TerriBox est lanc\u00e9e ! D\u00e9couvrez notre premi\u00e8re box de l&rsquo;automne<\/h4>\n                  <\/div>\n                <\/div>\n                <div data-colibri-id=\"97-c22\" class=\"h-text h-text-component style-627 style-local-97-c22 position-relative h-element\">\n                  <!---->\n                  <!---->\n                  <div class=\"\">\n                    <p><span style=\"font-weight: 400; font-size: 18px; font-family: -apple-system, BlinkMacSystemFont, &quot;Segoe UI&quot;, Roboto, Oxygen-Sans, Ubuntu, Cantarell, &quot;Helvetica Neue&quot;, sans-serif; color: rgb(0, 0, 0);\">C&rsquo;est officiel, TerriBox fait ses premiers pas ! D\u00e9couvrez le contenu de notre box d&rsquo;octobre et les producteurs qui l&rsquo;ont rendue possible.<\/span><\/p>\n                  <\/div>\n                <\/div>\n                <div data-colibri-id=\"97-c23\" class=\"h-x-container style-643 style-local-97-c23 position-relative h-element\">\n                  <!---->\n                  <div class=\"h-x-container-inner style-dynamic-97-c23-group style-643-spacing style-local-97-c23-spacing\"><span class=\"h-button__outer style-644-outer style-local-97-c24-outer d-inline-flex h-element\"><a h-use-smooth-scroll=\"true\" href=\"https:\/\/clarapracht.escmstrasbourg.com\/index.php\/terribox-est-lancee-decouvrez-notre-premiere-box-de-lautomne\/\"  data-colibri-id=\"97-c24\" class=\"d-flex w-100 align-items-center h-button justify-content-lg-center justify-content-md-center justify-content-center style-644 style-local-97-c24 position-relative\"><!----><!----> <span>LIRE<\/span><\/a>\n                    <\/span>\n                  <\/div>\n                <\/div>\n              <\/div>\n            <\/div>\n          <\/div>\n        <\/div>\n      <\/div>\n    <\/div>\n  <\/div>\n  <div data-colibri-component=\"section\" data-colibri-id=\"97-c25\" id=\"reusable-sections\" class=\"h-section h-section-global-spacing d-flex align-items-lg-center align-items-md-center align-items-center style-455 style-local-97-c25 position-relative\">\n    <!---->\n    <!---->\n    <div class=\"h-section-grid-container h-section-boxed-container\">\n      <div data-colibri-id=\"97-c36\" class=\"h-row-container gutters-row-lg-2 gutters-row-md-2 gutters-row-0 gutters-row-v-lg-2 gutters-row-v-md-2 gutters-row-v-2 style-466 style-local-97-c36 position-relative\">\n        <!---->\n        <div class=\"h-row justify-content-lg-center justify-content-md-center justify-content-center align-items-lg-stretch align-items-md-stretch align-items-stretch gutters-col-lg-2 gutters-col-md-2 gutters-col-0 gutters-col-v-lg-2 gutters-col-v-md-2 gutters-col-v-2\">\n          <!---->\n          <div class=\"h-column h-column-container d-flex h-col-lg-auto h-col-md-auto h-col-auto style-467-outer style-local-97-c37-outer\">\n            <div data-colibri-id=\"97-c37\" class=\"d-flex h-flex-basis h-column__inner h-px-lg-2 h-px-md-2 h-px-2 v-inner-lg-2 v-inner-md-2 v-inner-2 style-467 style-local-97-c37 position-relative\">\n              <!---->\n              <!---->\n              <div class=\"w-100 h-y-container h-column__content h-column__v-align flex-basis-100 align-self-lg-start align-self-md-start align-self-start\">\n                <!---->\n                <div data-colibri-id=\"97-c38\" class=\"h-global-transition-all h-heading style-468 style-local-97-c38 position-relative h-element\">\n                  <!---->\n                  <div class=\"h-heading__outer style-468 style-local-97-c38\">\n                    <!---->\n                    <!---->\n                    <h2 class=\"\">Pour poursuivre&#8230;<\/h2>\n                  <\/div>\n                <\/div>\n              <\/div>\n            <\/div>\n          <\/div>\n        <\/div>\n      <\/div>\n      <div data-colibri-id=\"97-c26\" class=\"h-row-container gutters-row-lg-1 gutters-row-md-1 gutters-row-0 gutters-row-v-lg-1 gutters-row-v-md-1 gutters-row-v-1 style-456 style-local-97-c26 position-relative\">\n        <!---->\n        <div class=\"h-row justify-content-lg-center justify-content-md-center justify-content-center align-items-lg-center align-items-md-center align-items-center gutters-col-lg-1 gutters-col-md-1 gutters-col-0 gutters-col-v-lg-1 gutters-col-v-md-1 gutters-col-v-1\">\n          <!---->\n          <div class=\"h-column h-column-container d-flex h-col-lg-4 h-col-md-4 h-col-12 align-self-lg-center align-self-md-center align-self-center style-457-outer style-local-97-c27-outer\">\n            <div data-colibri-id=\"97-c27\" class=\"d-flex h-flex-basis h-column__inner h-px-lg-2 h-px-md-2 h-px-2 v-inner-lg-2 v-inner-md-2 v-inner-2 style-457 style-local-97-c27 position-relative\">\n              <!---->\n              <!---->\n              <div class=\"w-100 h-y-container h-column__content h-column__v-align flex-basis-100 align-self-lg-start align-self-md-start align-self-start\">\n                <!---->\n                <div data-colibri-id=\"97-c28\" class=\"h-x-container style-458 style-local-97-c28 position-relative h-element\">\n                  <!---->\n                  <div class=\"h-x-container-inner style-dynamic-97-c28-group style-458-spacing style-local-97-c28-spacing\"><span class=\"h-button__outer style-459-outer style-local-97-c29-outer d-inline-flex h-element\"><a h-use-smooth-scroll=\"true\" href=\"https:\/\/clarapracht.escmstrasbourg.com\/index.php\/a-propos\/\"  data-colibri-id=\"97-c29\" class=\"d-flex w-100 align-items-center h-button justify-content-lg-center justify-content-md-center justify-content-center style-459 style-local-97-c29 position-relative\"><!----><!----> <span>\u00c0 Propos<\/span><\/a>\n                    <\/span>\n                  <\/div>\n                <\/div>\n              <\/div>\n            <\/div>\n          <\/div>\n          <div class=\"h-column h-column-container d-flex h-col-lg-4 h-col-md-4 h-col-12 align-self-lg-center align-self-md-center align-self-center style-460-outer style-local-97-c30-outer\">\n            <div data-colibri-id=\"97-c30\" class=\"d-flex h-flex-basis h-column__inner h-px-lg-2 h-px-md-2 h-px-2 v-inner-lg-2 v-inner-md-2 v-inner-2 style-460 style-local-97-c30 position-relative\">\n              <!---->\n              <!---->\n              <div class=\"w-100 h-y-container h-column__content h-column__v-align flex-basis-100 align-self-lg-start align-self-md-start align-self-start\">\n                <!---->\n                <div data-colibri-id=\"97-c31\" class=\"h-x-container style-461 style-local-97-c31 position-relative h-element\">\n                  <!---->\n                  <div class=\"h-x-container-inner style-dynamic-97-c31-group style-461-spacing style-local-97-c31-spacing\"><span class=\"h-button__outer style-462-outer style-local-97-c32-outer d-inline-flex h-element\"><a h-use-smooth-scroll=\"true\" href=\"https:\/\/clarapracht.escmstrasbourg.com\/index.php\/nos-produits\/\"  data-colibri-id=\"97-c32\" class=\"d-flex w-100 align-items-center h-button justify-content-lg-center justify-content-md-center justify-content-center style-462 style-local-97-c32 position-relative\"><!----><!----> <span>Nos Produits<\/span><\/a>\n                    <\/span>\n                  <\/div>\n                <\/div>\n              <\/div>\n            <\/div>\n          <\/div>\n          <div class=\"h-column h-column-container d-flex h-col-lg-4 h-col-md-4 h-col-12 align-self-lg-center align-self-md-center align-self-center style-463-outer style-local-97-c33-outer\">\n            <div data-colibri-id=\"97-c33\" class=\"d-flex h-flex-basis h-column__inner h-px-lg-2 h-px-md-2 h-px-2 v-inner-lg-2 v-inner-md-2 v-inner-2 style-463 style-local-97-c33 position-relative\">\n              <!---->\n              <!---->\n              <div class=\"w-100 h-y-container h-column__content h-column__v-align flex-basis-100 align-self-lg-start align-self-md-start align-self-start\">\n                <!---->\n                <div data-colibri-id=\"97-c34\" class=\"h-x-container style-464 style-local-97-c34 position-relative h-element\">\n                  <!---->\n                  <div class=\"h-x-container-inner style-dynamic-97-c34-group style-464-spacing style-local-97-c34-spacing\"><span class=\"h-button__outer style-465-outer style-local-97-c35-outer d-inline-flex h-element\"><a h-use-smooth-scroll=\"true\" href=\"https:\/\/clarapracht.escmstrasbourg.com\/index.php\/nous-contacter\/\"  data-colibri-id=\"97-c35\" class=\"d-flex w-100 align-items-center h-button justify-content-lg-center justify-content-md-center justify-content-center style-465 style-local-97-c35 position-relative\"><!----><!----> <span>nous contacter<\/span><\/a>\n                    <\/span>\n                  <\/div>\n                <\/div>\n              <\/div>\n            <\/div>\n          <\/div>\n        <\/div>\n      <\/div>\n    <\/div>\n  <\/div>\n<\/div>","protected":false},"excerpt":{"rendered":"<p>Le blog TerriBox est un espace d\u2019inspiration d\u00e9di\u00e9 aux amoureux des produits locaux et du savoir-faire artisanal. Nous y partageons des conseils, des id\u00e9es gourmandes et des d\u00e9couvertes pour vous aider \u00e0 consommer mieux, tout en vous faisant plaisir. 3 recettes gourmandes avec le miel d&rsquo;Auvergne de votre box Vous avez re\u00e7u le miel de [&hellip;]<\/p>\n","protected":false},"author":1,"featured_media":0,"parent":0,"menu_order":0,"comment_status":"closed","ping_status":"closed","template":"page-templates\/full-width-page.php","meta":{"footnotes":""},"class_list":["post-97","page","type-page","status-publish","hentry"],"_links":{"self":[{"href":"https:\/\/clarapracht.escmstrasbourg.com\/index.php\/wp-json\/wp\/v2\/pages\/97","targetHints":{"allow":["GET"]}}],"collection":[{"href":"https:\/\/clarapracht.escmstrasbourg.com\/index.php\/wp-json\/wp\/v2\/pages"}],"about":[{"href":"https:\/\/clarapracht.escmstrasbourg.com\/index.php\/wp-json\/wp\/v2\/types\/page"}],"author":[{"embeddable":true,"href":"https:\/\/clarapracht.escmstrasbourg.com\/index.php\/wp-json\/wp\/v2\/users\/1"}],"replies":[{"embeddable":true,"href":"https:\/\/clarapracht.escmstrasbourg.com\/index.php\/wp-json\/wp\/v2\/comments?post=97"}],"version-history":[{"count":20,"href":"https:\/\/clarapracht.escmstrasbourg.com\/index.php\/wp-json\/wp\/v2\/pages\/97\/revisions"}],"predecessor-version":[{"id":780,"href":"https:\/\/clarapracht.escmstrasbourg.com\/index.php\/wp-json\/wp\/v2\/pages\/97\/revisions\/780"}],"wp:attachment":[{"href":"https:\/\/clarapracht.escmstrasbourg.com\/index.php\/wp-json\/wp\/v2\/media?parent=97"}],"curies":[{"name":"wp","href":"https:\/\/api.w.org\/{rel}","templated":true}]}}