{"id":94,"date":"2026-04-09T14:37:46","date_gmt":"2026-04-09T12:37:46","guid":{"rendered":"https:\/\/clarapracht.escmstrasbourg.com\/index.php\/a-propos-2\/"},"modified":"2026-04-10T08:13:29","modified_gmt":"2026-04-10T06:13:29","slug":"a-propos","status":"publish","type":"page","link":"https:\/\/clarapracht.escmstrasbourg.com\/index.php\/a-propos\/","title":{"rendered":"\u00c0 propos"},"content":{"rendered":"<div data-colibri-id=\"94-c1\" class=\"style-356 style-local-94-c1 position-relative\">\n  <!---->\n  <div data-colibri-component=\"section\" data-colibri-id=\"94-c2\" id=\"initial-content\" class=\"h-section h-section-global-spacing d-flex align-items-lg-center align-items-md-center align-items-center style-357 style-local-94-c2 position-relative\">\n    <!---->\n    <!---->\n    <div class=\"h-section-grid-container h-section-boxed-container\">\n      <!---->\n      <div data-colibri-id=\"94-c3\" class=\"h-row-container gutters-row-lg-2 gutters-row-md-2 gutters-row-0 gutters-row-v-lg-2 gutters-row-v-md-2 gutters-row-v-2 style-358 style-local-94-c3 position-relative\">\n        <!---->\n        <div class=\"h-row justify-content-lg-center justify-content-md-center justify-content-center align-items-lg-stretch align-items-md-stretch align-items-stretch gutters-col-lg-2 gutters-col-md-2 gutters-col-0 gutters-col-v-lg-2 gutters-col-v-md-2 gutters-col-v-2\">\n          <!---->\n          <div class=\"h-column h-column-container d-flex h-col-lg-auto h-col-md-auto h-col-auto style-359-outer style-local-94-c4-outer\">\n            <div data-colibri-id=\"94-c4\" class=\"d-flex h-flex-basis h-column__inner h-px-lg-2 h-px-md-2 h-px-2 v-inner-lg-2 v-inner-md-2 v-inner-2 style-359 style-local-94-c4 position-relative\">\n              <!---->\n              <!---->\n              <div class=\"w-100 h-y-container h-column__content h-column__v-align flex-basis-100 align-self-lg-start align-self-md-start align-self-start\">\n                <!---->\n                <div data-colibri-id=\"94-c5\" class=\"style-360 style-local-94-c5 position-relative h-element\">\n                  <!---->\n                  <div>\n                    \n                    <h1 class=\"wp-block-heading\">\u00c0 propos<\/h1>\n                    \n\n                    \n                    <figure class=\"wp-block-gallery has-nested-images columns-default is-cropped wp-block-gallery-1 is-layout-flex wp-block-gallery-is-layout-flex\">\n                      \n                      <figure class=\"wp-block-image size-large\">\n                        <img loading=\"lazy\" decoding=\"async\" width=\"1024\" height=\"683\" data-id=\"189\" src=\"https:\/\/clarapracht.escmstrasbourg.com\/wp-content\/uploads\/2026\/04\/pexels-rdne-6517241-1024x683.jpg\" alt=\"\" class=\"wp-image-189\" srcset=\"https:\/\/clarapracht.escmstrasbourg.com\/wp-content\/uploads\/2026\/04\/pexels-rdne-6517241-1024x683.jpg 1024w, https:\/\/clarapracht.escmstrasbourg.com\/wp-content\/uploads\/2026\/04\/pexels-rdne-6517241-300x200.jpg 300w, https:\/\/clarapracht.escmstrasbourg.com\/wp-content\/uploads\/2026\/04\/pexels-rdne-6517241-768x512.jpg 768w, https:\/\/clarapracht.escmstrasbourg.com\/wp-content\/uploads\/2026\/04\/pexels-rdne-6517241-1536x1024.jpg 1536w, https:\/\/clarapracht.escmstrasbourg.com\/wp-content\/uploads\/2026\/04\/pexels-rdne-6517241-2048x1365.jpg 2048w, https:\/\/clarapracht.escmstrasbourg.com\/wp-content\/uploads\/2026\/04\/pexels-rdne-6517241-600x400.jpg 600w\" sizes=\"auto, (max-width: 1024px) 100vw, 1024px\" \/>\n                      <\/figure>\n                      \n\n                      \n                      <figure class=\"wp-block-image size-large\">\n                        <img loading=\"lazy\" decoding=\"async\" width=\"1024\" height=\"1024\" data-id=\"133\" src=\"https:\/\/clarapracht.escmstrasbourg.com\/wp-content\/uploads\/2026\/04\/cropped-pexels-esbkrc-12929827-scaled-1-1024x1024.jpg\" alt=\"\" class=\"wp-image-133\" srcset=\"https:\/\/clarapracht.escmstrasbourg.com\/wp-content\/uploads\/2026\/04\/cropped-pexels-esbkrc-12929827-scaled-1-1024x1024.jpg 1024w, https:\/\/clarapracht.escmstrasbourg.com\/wp-content\/uploads\/2026\/04\/cropped-pexels-esbkrc-12929827-scaled-1-300x300.jpg 300w, https:\/\/clarapracht.escmstrasbourg.com\/wp-content\/uploads\/2026\/04\/cropped-pexels-esbkrc-12929827-scaled-1-150x150.jpg 150w, https:\/\/clarapracht.escmstrasbourg.com\/wp-content\/uploads\/2026\/04\/cropped-pexels-esbkrc-12929827-scaled-1-768x768.jpg 768w, https:\/\/clarapracht.escmstrasbourg.com\/wp-content\/uploads\/2026\/04\/cropped-pexels-esbkrc-12929827-scaled-1-1536x1536.jpg 1536w, https:\/\/clarapracht.escmstrasbourg.com\/wp-content\/uploads\/2026\/04\/cropped-pexels-esbkrc-12929827-scaled-1-600x600.jpg 600w, https:\/\/clarapracht.escmstrasbourg.com\/wp-content\/uploads\/2026\/04\/cropped-pexels-esbkrc-12929827-scaled-1-100x100.jpg 100w, https:\/\/clarapracht.escmstrasbourg.com\/wp-content\/uploads\/2026\/04\/cropped-pexels-esbkrc-12929827-scaled-1.jpg 1705w\" sizes=\"auto, (max-width: 1024px) 100vw, 1024px\" \/>\n                      <\/figure>\n                      \n\n                      \n                      <figure class=\"wp-block-image size-large\">\n                        <img loading=\"lazy\" decoding=\"async\" width=\"769\" height=\"1024\" data-id=\"117\" src=\"https:\/\/clarapracht.escmstrasbourg.com\/wp-content\/uploads\/2026\/04\/pexels-polina-kovaleva-8350658-769x1024.jpg\" alt=\"\" class=\"wp-image-117\" srcset=\"https:\/\/clarapracht.escmstrasbourg.com\/wp-content\/uploads\/2026\/04\/pexels-polina-kovaleva-8350658-769x1024.jpg 769w, https:\/\/clarapracht.escmstrasbourg.com\/wp-content\/uploads\/2026\/04\/pexels-polina-kovaleva-8350658-225x300.jpg 225w, https:\/\/clarapracht.escmstrasbourg.com\/wp-content\/uploads\/2026\/04\/pexels-polina-kovaleva-8350658-768x1023.jpg 768w, https:\/\/clarapracht.escmstrasbourg.com\/wp-content\/uploads\/2026\/04\/pexels-polina-kovaleva-8350658-1153x1536.jpg 1153w, https:\/\/clarapracht.escmstrasbourg.com\/wp-content\/uploads\/2026\/04\/pexels-polina-kovaleva-8350658-1538x2048.jpg 1538w, https:\/\/clarapracht.escmstrasbourg.com\/wp-content\/uploads\/2026\/04\/pexels-polina-kovaleva-8350658-600x799.jpg 600w, https:\/\/clarapracht.escmstrasbourg.com\/wp-content\/uploads\/2026\/04\/pexels-polina-kovaleva-8350658-scaled.jpg 1922w\" sizes=\"auto, (max-width: 769px) 100vw, 769px\" \/>\n                      <\/figure>\n                      \n                    <\/figure>\n                    \n\n                    \n                    <h2 class=\"wp-block-heading\">Notre Histoire<\/h2>\n                    \n\n                    \n                    <p>Nous nous somme rencontr\u00e9s il y a 5 ans durant nos \u00e9tudes dans les domaines de l&rsquo;agriculture et de l&rsquo;entreprenariat et nous avons rapidement voulu lancer un projet bas\u00e9 sur nos valeurs et comp\u00e9tences communes. <\/p>\n                    \n\n                    \n                    <p>Il y a moins de 2 ans, nous avons enfin pu concr\u00e9tiser notre projet d&rsquo;entreprise \u00e9co-responsable. <\/p>\n                    \n\n                    \n                    <p>Nous somme aujourd&rsquo;hui tr\u00e8s heureux de pouvoir partager notre passion pour nos ch\u00e8res agriculteurs et producteurs Fran\u00e7ais. <\/p>\n                    \n\n                    \n                    <h2 class=\"wp-block-heading\">Notre entreprise<\/h2>\n                    \n\n                    \n                    <p>TerriBox est une entreprise de e-commerce sp\u00e9cialis\u00e9e dans la vente par abonnement de box mensuelles compos\u00e9es exclusivement de produits alimentaires locaux, artisanaux et z\u00e9ro d\u00e9chet. Fond\u00e9e en 2024, elle est domicili\u00e9e \u00e0 Lyon et\n                      op\u00e8re sur toute la France m\u00e9tropolitaine.<\/p>\n                    \n\n                    \n                    <p>Chaque mois, TerriBox s\u00e9lectionne entre 6 et 8 produits aupr\u00e8s de producteurs r\u00e9gionaux (confitures, miel, fromages, \u00e9pices, huiles\u2026), les emballe dans des mat\u00e9riaux 100 % recyclables ou r\u00e9utilisables, et les livre directement chez\n                      l&rsquo;abonn\u00e9. L&rsquo;entreprise se positionne comme un interm\u00e9diaire de confiance entre le consommateur urbain soucieux de sa consommation et le monde agricole et artisanal local.<\/p>\n                    \n\n                    \n                    <h2 class=\"wp-block-heading\">Notre mission<\/h2>\n                    \n\n                    \n                    <p>Chez <strong>TerriBox<\/strong>, nous voulons rendre les <strong>produits r\u00e9gionaux de qualit\u00e9 accessibles \u00e0 tous<\/strong>, tout en <strong>soutenant les producteurs locaux<\/strong> et une <strong>consommation plus responsable<\/strong>.<\/p>\n                    \n\n                    \n                    <p>Nous s\u00e9lectionnons avec attention des <strong>sp\u00e9cialit\u00e9s artisanales<\/strong> issues de diff\u00e9rentes r\u00e9gions, afin de vous offrir une <strong>exp\u00e9rience gourmande<\/strong>, <strong>authentique<\/strong> et <strong>respectueuse de l\u2019environnement<\/strong>.<\/p>\n                    \n\n                    \n                    <h2 class=\"wp-block-heading\">Nos valeurs<\/h2>\n                    \n\n                    \n                    <p><strong>Authenticit\u00e9<\/strong> : nous mettons en avant le savoir-faire des producteurs locaux et la richesse des terroirs.\n                      <br><strong>Qualit\u00e9<\/strong> : chaque produit est choisi pour son go\u00fbt, sa composition et son mode de fabrication.\n                      <br><strong>Responsabilit\u00e9<\/strong> : nous privil\u00e9gions des partenaires engag\u00e9s dans une d\u00e9marche durable et des emballages limitant l\u2019impact environnemental.\n                      <br><strong>Praticit\u00e9<\/strong> : recevez facilement chez vous une s\u00e9lection de produits locaux, sans contrainte d\u2019organisation.<\/p>\n                    \n\n                    \n                    <h2 class=\"wp-block-heading\">Notre engagement<\/h2>\n                    \n\n                    \n                    <p>Nous travaillons avec des <strong>producteurs passionn\u00e9s<\/strong> qui partagent nos valeurs : t<strong>ransparence, respect de la nature et go\u00fbt du travail bien fait<\/strong>. <\/p>\n                    \n\n                    \n                    <p>Notre objectif est de cr\u00e9er <strong>un lien direct entre consommateurs et terroirs<\/strong>, tout en <strong>simplifiant l\u2019acc\u00e8s \u00e0 une alimentation de qualit\u00e9<\/strong>.<\/p>\n                    \n\n                    \n                    <p><\/p>\n                    \n                  <\/div>\n                <\/div>\n              <\/div>\n            <\/div>\n          <\/div>\n        <\/div>\n      <\/div>\n    <\/div>\n  <\/div>\n  <div data-colibri-component=\"section\" data-colibri-id=\"94-c6\" id=\"custom\" class=\"h-section h-section-global-spacing d-flex align-items-lg-center align-items-md-center align-items-center style-367 style-local-94-c6 position-relative\">\n    <!---->\n    <!---->\n    <div class=\"h-section-grid-container h-section-boxed-container\">\n      <div data-colibri-id=\"94-c16\" class=\"h-row-container gutters-row-lg-2 gutters-row-md-2 gutters-row-0 gutters-row-v-lg-2 gutters-row-v-md-2 gutters-row-v-2 style-377 style-local-94-c16 position-relative\">\n        <!---->\n        <div class=\"h-row justify-content-lg-center justify-content-md-center justify-content-center align-items-lg-stretch align-items-md-stretch align-items-stretch gutters-col-lg-2 gutters-col-md-2 gutters-col-0 gutters-col-v-lg-2 gutters-col-v-md-2 gutters-col-v-2\">\n          <!---->\n          <div class=\"h-column h-column-container d-flex h-col-lg-auto h-col-md-auto h-col-auto style-378-outer style-local-94-c17-outer\">\n            <div data-colibri-id=\"94-c17\" class=\"d-flex h-flex-basis h-column__inner h-px-lg-2 h-px-md-2 h-px-2 v-inner-lg-2 v-inner-md-2 v-inner-2 style-378 style-local-94-c17 position-relative\">\n              <!---->\n              <!---->\n              <div class=\"w-100 h-y-container h-column__content h-column__v-align flex-basis-100 align-self-lg-start align-self-md-start align-self-start\">\n                <!---->\n                <div data-colibri-id=\"94-c18\" class=\"h-global-transition-all h-heading style-379 style-local-94-c18 position-relative h-element\">\n                  <!---->\n                  <div class=\"h-heading__outer style-379 style-local-94-c18\">\n                    <!---->\n                    <!---->\n                    <h2 class=\"\">Pour poursuivre&#8230;<\/h2>\n                  <\/div>\n                <\/div>\n              <\/div>\n            <\/div>\n          <\/div>\n        <\/div>\n      <\/div>\n      <div data-colibri-id=\"94-c7\" class=\"h-row-container gutters-row-lg-1 gutters-row-md-1 gutters-row-0 gutters-row-v-lg-1 gutters-row-v-md-1 gutters-row-v-1 style-368 style-local-94-c7 position-relative\">\n        <!---->\n        <div class=\"h-row justify-content-lg-center justify-content-md-center justify-content-center align-items-lg-center align-items-md-center align-items-center gutters-col-lg-1 gutters-col-md-1 gutters-col-0 gutters-col-v-lg-1 gutters-col-v-md-1 gutters-col-v-1\">\n          <!---->\n          <div class=\"h-column h-column-container d-flex h-col-lg-4 h-col-md-4 h-col-12 align-self-lg-center align-self-md-center align-self-center style-369-outer style-local-94-c8-outer\">\n            <div data-colibri-id=\"94-c8\" class=\"d-flex h-flex-basis h-column__inner h-px-lg-2 h-px-md-2 h-px-2 v-inner-lg-2 v-inner-md-2 v-inner-2 style-369 style-local-94-c8 position-relative\">\n              <!---->\n              <!---->\n              <div class=\"w-100 h-y-container h-column__content h-column__v-align flex-basis-100 align-self-lg-start align-self-md-start align-self-start\">\n                <!---->\n                <div data-colibri-id=\"94-c20\" class=\"h-x-container style-381 style-local-94-c20 position-relative h-element\">\n                  <!---->\n                  <div class=\"h-x-container-inner style-dynamic-94-c20-group style-381-spacing style-local-94-c20-spacing\"><span class=\"h-button__outer style-382-outer style-local-94-c21-outer d-inline-flex h-element\"><a h-use-smooth-scroll=\"true\" href=\"https:\/\/clarapracht.escmstrasbourg.com\/index.php\/blog\/\"  data-colibri-id=\"94-c21\" class=\"d-flex w-100 align-items-center h-button justify-content-lg-center justify-content-md-center justify-content-center style-382 style-local-94-c21 position-relative\"><!----><!----> <span>Notre Blog<\/span><\/a>\n                    <\/span>\n                  <\/div>\n                <\/div>\n              <\/div>\n            <\/div>\n          <\/div>\n          <div class=\"h-column h-column-container d-flex h-col-lg-4 h-col-md-4 h-col-12 align-self-lg-center align-self-md-center align-self-center style-370-outer style-local-94-c10-outer\">\n            <div data-colibri-id=\"94-c10\" class=\"d-flex h-flex-basis h-column__inner h-px-lg-2 h-px-md-2 h-px-2 v-inner-lg-2 v-inner-md-2 v-inner-2 style-370 style-local-94-c10 position-relative\">\n              <!---->\n              <!---->\n              <div class=\"w-100 h-y-container h-column__content h-column__v-align flex-basis-100 align-self-lg-start align-self-md-start align-self-start\">\n                <!---->\n                <div data-colibri-id=\"94-c11\" class=\"h-x-container style-372 style-local-94-c11 position-relative h-element\">\n                  <!---->\n                  <div class=\"h-x-container-inner style-dynamic-94-c11-group style-372-spacing style-local-94-c11-spacing\"><span class=\"h-button__outer style-373-outer style-local-94-c12-outer d-inline-flex h-element\"><a h-use-smooth-scroll=\"true\" href=\"https:\/\/clarapracht.escmstrasbourg.com\/index.php\/nos-produits\/\"  data-colibri-id=\"94-c12\" class=\"d-flex w-100 align-items-center h-button justify-content-lg-center justify-content-md-center justify-content-center style-373 style-local-94-c12 position-relative\"><!----><!----> <span>Nos Produits<\/span><\/a>\n                    <\/span>\n                  <\/div>\n                <\/div>\n              <\/div>\n            <\/div>\n          <\/div>\n          <div class=\"h-column h-column-container d-flex h-col-lg-4 h-col-md-4 h-col-12 align-self-lg-center align-self-md-center align-self-center style-374-outer style-local-94-c13-outer\">\n            <div data-colibri-id=\"94-c13\" class=\"d-flex h-flex-basis h-column__inner h-px-lg-2 h-px-md-2 h-px-2 v-inner-lg-2 v-inner-md-2 v-inner-2 style-374 style-local-94-c13 position-relative\">\n              <!---->\n              <!---->\n              <div class=\"w-100 h-y-container h-column__content h-column__v-align flex-basis-100 align-self-lg-start align-self-md-start align-self-start\">\n                <!---->\n                <div data-colibri-id=\"94-c14\" class=\"h-x-container style-375 style-local-94-c14 position-relative h-element\">\n                  <!---->\n                  <div class=\"h-x-container-inner style-dynamic-94-c14-group style-375-spacing style-local-94-c14-spacing\"><span class=\"h-button__outer style-376-outer style-local-94-c15-outer d-inline-flex h-element\"><a h-use-smooth-scroll=\"true\" href=\"https:\/\/clarapracht.escmstrasbourg.com\/index.php\/nous-contacter\/\"  data-colibri-id=\"94-c15\" class=\"d-flex w-100 align-items-center h-button justify-content-lg-center justify-content-md-center justify-content-center style-376 style-local-94-c15 position-relative\"><!----><!----> <span>nous contacter<\/span><\/a>\n                    <\/span>\n                  <\/div>\n                <\/div>\n              <\/div>\n            <\/div>\n          <\/div>\n        <\/div>\n      <\/div>\n    <\/div>\n  <\/div>\n<\/div>","protected":false},"excerpt":{"rendered":"<p>\u00c0 propos Notre Histoire Nous nous somme rencontr\u00e9s il y a 5 ans durant nos \u00e9tudes dans les domaines de l&rsquo;agriculture et de l&rsquo;entreprenariat et nous avons rapidement voulu lancer un projet bas\u00e9 sur nos valeurs et comp\u00e9tences communes. Il y a moins de 2 ans, nous avons enfin pu concr\u00e9tiser notre projet d&rsquo;entreprise \u00e9co-responsable. [&hellip;]<\/p>\n","protected":false},"author":1,"featured_media":0,"parent":0,"menu_order":0,"comment_status":"closed","ping_status":"closed","template":"page-templates\/full-width-page.php","meta":{"footnotes":""},"class_list":["post-94","page","type-page","status-publish","hentry"],"_links":{"self":[{"href":"https:\/\/clarapracht.escmstrasbourg.com\/index.php\/wp-json\/wp\/v2\/pages\/94","targetHints":{"allow":["GET"]}}],"collection":[{"href":"https:\/\/clarapracht.escmstrasbourg.com\/index.php\/wp-json\/wp\/v2\/pages"}],"about":[{"href":"https:\/\/clarapracht.escmstrasbourg.com\/index.php\/wp-json\/wp\/v2\/types\/page"}],"author":[{"embeddable":true,"href":"https:\/\/clarapracht.escmstrasbourg.com\/index.php\/wp-json\/wp\/v2\/users\/1"}],"replies":[{"embeddable":true,"href":"https:\/\/clarapracht.escmstrasbourg.com\/index.php\/wp-json\/wp\/v2\/comments?post=94"}],"version-history":[{"count":17,"href":"https:\/\/clarapracht.escmstrasbourg.com\/index.php\/wp-json\/wp\/v2\/pages\/94\/revisions"}],"predecessor-version":[{"id":265,"href":"https:\/\/clarapracht.escmstrasbourg.com\/index.php\/wp-json\/wp\/v2\/pages\/94\/revisions\/265"}],"wp:attachment":[{"href":"https:\/\/clarapracht.escmstrasbourg.com\/index.php\/wp-json\/wp\/v2\/media?parent=94"}],"curies":[{"name":"wp","href":"https:\/\/api.w.org\/{rel}","templated":true}]}}